{"id":222,"date":"2024-07-31T17:54:31","date_gmt":"2024-07-31T17:54:31","guid":{"rendered":"https:\/\/constructionboreal.com\/?post_type=product&#038;p=222"},"modified":"2024-08-06T17:21:08","modified_gmt":"2024-08-06T17:21:08","slug":"renovation-de-maison-quebec","status":"publish","type":"product","link":"https:\/\/constructionboreal.com\/en\/product\/renovation-de-maison-quebec\/","title":{"rendered":"R\u00e9novation de maison Qu\u00e9bec"},"content":{"rendered":"<p>Description \u00e9labor\u00e9e du projet<\/p>","protected":false},"excerpt":{"rendered":"<p>Description \u00e9labor\u00e9e du projet<\/p>","protected":false},"featured_media":0,"template":"","meta":{"_et_pb_use_builder":"","_et_pb_old_content":"","_et_gb_content_width":""},"product_brand":[],"product_cat":[22],"product_tag":[],"class_list":{"0":"post-222","1":"product","2":"type-product","3":"status-publish","5":"product_cat-projet-de-renovation","7":"first","8":"instock","9":"taxable","10":"shipping-taxable","11":"purchasable","12":"product-type-simple"},"_links":{"self":[{"href":"https:\/\/constructionboreal.com\/en\/wp-json\/wp\/v2\/product\/222","targetHints":{"allow":["GET"]}}],"collection":[{"href":"https:\/\/constructionboreal.com\/en\/wp-json\/wp\/v2\/product"}],"about":[{"href":"https:\/\/constructionboreal.com\/en\/wp-json\/wp\/v2\/types\/product"}],"wp:attachment":[{"href":"https:\/\/constructionboreal.com\/en\/wp-json\/wp\/v2\/media?parent=222"}],"wp:term":[{"taxonomy":"product_brand","embeddable":true,"href":"https:\/\/constructionboreal.com\/en\/wp-json\/wp\/v2\/product_brand?post=222"},{"taxonomy":"product_cat","embeddable":true,"href":"https:\/\/constructionboreal.com\/en\/wp-json\/wp\/v2\/product_cat?post=222"},{"taxonomy":"product_tag","embeddable":true,"href":"https:\/\/constructionboreal.com\/en\/wp-json\/wp\/v2\/product_tag?post=222"}],"curies":[{"name":"wp","href":"https:\/\/api.w.org\/{rel}","templated":true}]}}